{"id":333,"date":"2024-01-29T12:50:02","date_gmt":"2024-01-29T11:50:02","guid":{"rendered":"https:\/\/www.wdegraaf.nl\/vacuummachinehuren\/?post_type=product&#038;p=333"},"modified":"2024-06-19T14:14:44","modified_gmt":"2024-06-19T13:14:44","slug":"vacuumzakken-300-x-400-x-140my-100st-pa-pe-transparant","status":"publish","type":"product","link":"https:\/\/www.wdegraaf.nl\/vacuummachinehuren\/winkel\/vacuumzakken-300-x-400-x-140my-100st-pa-pe-transparant\/","title":{"rendered":"Vacu\u00fcmzakken 300 x 400 x 140my 100st. , PA + PE, transparant"},"content":{"rendered":"<p>Deze gladde vacu\u00fcmzakken zijn geschikt voor de professionele vacumeermachines en niet voor de thuis-vacumeermachines. Vacu\u00fcmzakken worden vooral gebruikt om voedingsmiddelen tijdens transport te conserveren, te beschermen of te laten rijpen. Zowel vlees, vis of kaas, het kan gevacu\u00fcmeerd worden. De inhoud beschermen en een verlenging van houdbaarheid is waar vacu\u00fcmzakken om bekend staan.<\/p>\n","protected":false},"excerpt":{"rendered":"<p>Houd je verse vlees, vis en vleeswaren langer vers en smakelijk in deze praktische transparante vacu\u00fcmzakken .<\/p>\n<ul>\n<li>Per 100 st.<\/li>\n<li>PA + PE zak<\/li>\n<li>140 my<\/li>\n<li>500 st. per doos<\/li>\n<\/ul>\n","protected":false},"featured_media":305,"comment_status":"open","ping_status":"closed","template":"","meta":[],"product_brand":[],"product_cat":[41],"product_tag":[],"class_list":{"0":"post-333","1":"product","2":"type-product","3":"status-publish","4":"has-post-thumbnail","6":"product_cat-vacuumzakken","8":"first","9":"instock","10":"taxable","11":"shipping-taxable","12":"purchasable","13":"product-type-simple"},"_links":{"self":[{"href":"https:\/\/www.wdegraaf.nl\/vacuummachinehuren\/wp-json\/wp\/v2\/product\/333","targetHints":{"allow":["GET"]}}],"collection":[{"href":"https:\/\/www.wdegraaf.nl\/vacuummachinehuren\/wp-json\/wp\/v2\/product"}],"about":[{"href":"https:\/\/www.wdegraaf.nl\/vacuummachinehuren\/wp-json\/wp\/v2\/types\/product"}],"replies":[{"embeddable":true,"href":"https:\/\/www.wdegraaf.nl\/vacuummachinehuren\/wp-json\/wp\/v2\/comments?post=333"}],"wp:featuredmedia":[{"embeddable":true,"href":"https:\/\/www.wdegraaf.nl\/vacuummachinehuren\/wp-json\/wp\/v2\/media\/305"}],"wp:attachment":[{"href":"https:\/\/www.wdegraaf.nl\/vacuummachinehuren\/wp-json\/wp\/v2\/media?parent=333"}],"wp:term":[{"taxonomy":"product_brand","embeddable":true,"href":"https:\/\/www.wdegraaf.nl\/vacuummachinehuren\/wp-json\/wp\/v2\/product_brand?post=333"},{"taxonomy":"product_cat","embeddable":true,"href":"https:\/\/www.wdegraaf.nl\/vacuummachinehuren\/wp-json\/wp\/v2\/product_cat?post=333"},{"taxonomy":"product_tag","embeddable":true,"href":"https:\/\/www.wdegraaf.nl\/vacuummachinehuren\/wp-json\/wp\/v2\/product_tag?post=333"}],"curies":[{"name":"wp","href":"https:\/\/api.w.org\/{rel}","templated":true}]}}